{"id":2069,"date":"2019-11-16T18:22:23","date_gmt":"2019-11-16T18:22:23","guid":{"rendered":"https:\/\/hgs.si\/?page_id=2069"},"modified":"2019-12-11T10:14:14","modified_gmt":"2019-12-11T10:14:14","slug":"production","status":"publish","type":"page","link":"https:\/\/hgs.si\/sl\/production\/","title":{"rendered":"Proizvodnja"},"content":{"rendered":"<p>[vc_row][vc_column icons_position=&#8221;left&#8221;][vc_custom_heading text=&#8221;Production&#8221; font_container=&#8221;tag:h4|text_align:left&#8221; google_fonts=&#8221;font_family:Muli%3A300%2C300italic%2Cregular%2Citalic|font_style:400%20regular%3A400%3Anormal&#8221;][\/vc_column][\/vc_row][vc_row equal_height=&#8221;yes&#8221; content_placement=&#8221;middle&#8221; hide_bg_image_on_tablet=&#8221;&#8221; hide_bg_image_on_mobile=&#8221;1&#8243; css=&#8221;.vc_custom_1574420399413{background-image: url(https:\/\/hgs.si\/wp-content\/uploads\/2019\/11\/Untitled-1.png?id=2074) !important;background-position: top center !important;background-repeat: no-repeat !important;background-size: cover !important;}&#8221;][vc_column width=&#8221;1\/2&#8243; icons_position=&#8221;left&#8221;][vc_single_image image=&#8221;2184&#8243; img_size=&#8221;200&#215;150&#8243; onclick=&#8221;img_link_large&#8221;][vc_empty_space][\/vc_column][vc_column width=&#8221;1\/2&#8243; icons_position=&#8221;left&#8221;][vc_empty_space height=&#8221;20px&#8221; hide_on_desktop=&#8221;&#8221; hide_on_notebook=&#8221;&#8221; hide_on_tablet=&#8221;&#8221; hide_on_mobile=&#8221;&#8221;][vc_column_text]<\/p>\n<p style=\"text-align: right;\">Sodobni proizvodni prostori<\/p>\n<p>[\/vc_column_text][vc_empty_space][\/vc_column][\/vc_row][vc_row equal_height=&#8221;yes&#8221; content_placement=&#8221;middle&#8221; hide_bg_image_on_tablet=&#8221;&#8221; hide_bg_image_on_mobile=&#8221;1&#8243; css=&#8221;.vc_custom_1574420406644{background-image: url(https:\/\/hgs.si\/wp-content\/uploads\/2019\/11\/Untitled-1.png?id=2074) !important;background-position: top center !important;background-repeat: no-repeat !important;background-size: cover !important;}&#8221;][vc_column width=&#8221;1\/2&#8243; icons_position=&#8221;left&#8221;][vc_empty_space height=&#8221;20px&#8221; hide_on_desktop=&#8221;&#8221; hide_on_notebook=&#8221;&#8221; hide_on_tablet=&#8221;&#8221; hide_on_mobile=&#8221;&#8221;][vc_column_text]<\/p>\n<p style=\"text-align: left;\">Preko 6.000 m2 povr\u0161in<\/p>\n<p>[\/vc_column_text][vc_empty_space][\/vc_column][vc_column width=&#8221;1\/2&#8243; icons_position=&#8221;left&#8221;][vc_single_image image=&#8221;2186&#8243; img_size=&#8221;200&#215;150&#8243; alignment=&#8221;right&#8221; onclick=&#8221;img_link_large&#8221;][vc_empty_space][\/vc_column][\/vc_row][vc_row equal_height=&#8221;yes&#8221; content_placement=&#8221;middle&#8221; hide_bg_image_on_tablet=&#8221;&#8221; hide_bg_image_on_mobile=&#8221;1&#8243; css=&#8221;.vc_custom_1574420413253{background-image: url(https:\/\/hgs.si\/wp-content\/uploads\/2019\/11\/Untitled-1.png?id=2074) !important;background-position: top center !important;background-repeat: no-repeat !important;background-size: cover !important;}&#8221;][vc_column width=&#8221;1\/2&#8243; icons_position=&#8221;left&#8221;][vc_single_image image=&#8221;2076&#8243; img_size=&#8221;200&#215;150&#8243; onclick=&#8221;img_link_large&#8221;][vc_empty_space][\/vc_column][vc_column width=&#8221;1\/2&#8243; icons_position=&#8221;left&#8221;][vc_empty_space height=&#8221;20px&#8221; hide_on_desktop=&#8221;&#8221; hide_on_notebook=&#8221;&#8221; hide_on_tablet=&#8221;&#8221; hide_on_mobile=&#8221;&#8221;][vc_column_text]<\/p>\n<p style=\"text-align: right;\">Ra\u010dunalni\u0161ko vodeno skladi\u0161\u010de<\/p>\n<p>[\/vc_column_text][vc_empty_space][\/vc_column][\/vc_row][vc_row equal_height=&#8221;yes&#8221; content_placement=&#8221;middle&#8221; hide_bg_image_on_tablet=&#8221;&#8221; hide_bg_image_on_mobile=&#8221;1&#8243; css=&#8221;.vc_custom_1574420418429{background-image: url(https:\/\/hgs.si\/wp-content\/uploads\/2019\/11\/Untitled-1.png?id=2074) !important;background-position: top center !important;background-repeat: no-repeat !important;background-size: cover !important;}&#8221;][vc_column width=&#8221;1\/2&#8243; icons_position=&#8221;left&#8221;][vc_empty_space height=&#8221;20px&#8221; hide_on_desktop=&#8221;&#8221; hide_on_notebook=&#8221;&#8221; hide_on_tablet=&#8221;&#8221; hide_on_mobile=&#8221;&#8221;][vc_column_text]<\/p>\n<p style=\"text-align: left;\">ESD varovano obmo\u010dje<\/p>\n<p>[\/vc_column_text][vc_empty_space][\/vc_column][vc_column width=&#8221;1\/2&#8243; icons_position=&#8221;left&#8221;][vc_single_image image=&#8221;2077&#8243; img_size=&#8221;200&#215;150&#8243; alignment=&#8221;right&#8221; onclick=&#8221;img_link_large&#8221;][vc_empty_space][\/vc_column][\/vc_row]<\/p>","protected":false},"excerpt":{"rendered":"<p>[vc_row][vc_column icons_position=&#8221;left&#8221;][vc_custom_heading text=&#8221;Production&#8221; font_container=&#8221;tag:h4|text_align:left&#8221; google_fonts=&#8221;font_family:Muli%3A300%2C300italic%2Cregular%2Citalic|font_style:400%20regular%3A400%3Anormal&#8221;][\/vc_column][\/vc_row][vc_row equal_height=&#8221;yes&#8221; content_placement=&#8221;middle&#8221; hide_bg_image_on_tablet=&#8221;&#8221; hide_bg_image_on_mobile=&#8221;1&#8243; css=&#8221;.vc_custom_1574420399413{background-image: url(https:\/\/hgs.si\/wp-content\/uploads\/2019\/11\/Untitled-1.png?id=2074) !important;background-position: top center !important;background-repeat: no-repeat !important;background-size: cover !important;}&#8221;][vc_column width=&#8221;1\/2&#8243; icons_position=&#8221;left&#8221;][vc_single_image image=&#8221;2184&#8243; img_size=&#8221;200&#215;150&#8243; onclick=&#8221;img_link_large&#8221;][vc_empty_space][\/vc_column][vc_column width=&#8221;1\/2&#8243; icons_position=&#8221;left&#8221;][vc_empty_space height=&#8221;20px&#8221; hide_on_desktop=&#8221;&#8221; hide_on_notebook=&#8221;&#8221; hide_on_tablet=&#8221;&#8221;&hellip;<\/p>","protected":false},"author":1,"featured_media":0,"parent":0,"menu_order":0,"comment_status":"closed","ping_status":"closed","template":"","meta":[],"_links":{"self":[{"href":"https:\/\/hgs.si\/sl\/wp-json\/wp\/v2\/pages\/2069"}],"collection":[{"href":"https:\/\/hgs.si\/sl\/wp-json\/wp\/v2\/pages"}],"about":[{"href":"https:\/\/hgs.si\/sl\/wp-json\/wp\/v2\/types\/page"}],"author":[{"embeddable":true,"href":"https:\/\/hgs.si\/sl\/wp-json\/wp\/v2\/users\/1"}],"replies":[{"embeddable":true,"href":"https:\/\/hgs.si\/sl\/wp-json\/wp\/v2\/comments?post=2069"}],"version-history":[{"count":20,"href":"https:\/\/hgs.si\/sl\/wp-json\/wp\/v2\/pages\/2069\/revisions"}],"predecessor-version":[{"id":2193,"href":"https:\/\/hgs.si\/sl\/wp-json\/wp\/v2\/pages\/2069\/revisions\/2193"}],"wp:attachment":[{"href":"https:\/\/hgs.si\/sl\/wp-json\/wp\/v2\/media?parent=2069"}],"curies":[{"name":"wp","href":"https:\/\/api.w.org\/{rel}","templated":true}]}}